{"id":14,"date":"2018-06-05T04:42:52","date_gmt":"2018-06-05T02:42:52","guid":{"rendered":"https:\/\/laepple.bnb-infosec.com\/?page_id=14"},"modified":"2018-06-05T13:39:30","modified_gmt":"2018-06-05T11:39:30","slug":"ueber-uns","status":"publish","type":"page","link":"https:\/\/laepple-gmbh.de\/index.php\/ueber-uns\/","title":{"rendered":"\u00dcber uns"},"content":{"rendered":"<div id=\"dslc-theme-content\"><div id=\"dslc-theme-content-inner\"><div  class=\"lgc-column lgc-grid-parent lgc-grid-50 lgc-tablet-grid-50 lgc-mobile-grid-100 lgc-equal-heights \"><div  class=\"inside-grid-column\">\n<p style=\"text-align: justify;\">Unser Familienunternehmen wurde 1954 von Richard L\u00e4pple gegr\u00fcndet. 1968 ist sein Sohn Harald L\u00e4pple nach seiner Ausbildung in die Firma eingetreten. 1975 hat er seine Meisterpr\u00fcfung im Gas- und Wasserinstallateurhandwerk bestanden. Mit Beginn des Jahres 1993 konnte er die Gesch\u00e4fte von seinem Vater \u00fcbernehmen. 1995 folgte die erfolgreiche Pr\u00fcfung zum Klempner-meister. Die Buchhaltung sowie weitere B\u00fcroarbeiten wurden von seiner Frau B\u00e4rbel L\u00e4pple \u00fcbernommen.<br \/>\nIn dritter Generation ist Dirk L\u00e4pple 1996 als Gas- und Wasserinstallateur eingestellt worden. Es folgte 1999 die Pr\u00fcfung zum Meister im Installateur- und Heizungsbauer-Handwerk.<br \/>\nErg\u00e4nzt wurde das Angebot 2005, als Nils L\u00e4pple mit seiner Qualifikation als Meister im Elektrotechniker-Handwerk, der Firma beitrat.<br \/>\nEs k\u00f6nnen nun alle Arbeiten im Bereich der Haustechnik ausgef\u00fchrt werden.<\/p><\/div><\/div>\n<div  class=\"lgc-column lgc-grid-parent lgc-grid-50 lgc-tablet-grid-50 lgc-mobile-grid-100 lgc-equal-heights \"><div  class=\"inside-grid-column\"><img loading=\"lazy\" decoding=\"async\" class=\"alignnone wp-image-55 size-medium\" src=\"https:\/\/laepple-gmbh.de\/wp-content\/uploads\/2018\/06\/about-us-300x132.jpg\" alt=\"\" width=\"300\" height=\"132\" srcset=\"https:\/\/laepple-gmbh.de\/wp-content\/uploads\/2018\/06\/about-us-300x132.jpg 300w, https:\/\/laepple-gmbh.de\/wp-content\/uploads\/2018\/06\/about-us-150x66.jpg 150w, https:\/\/laepple-gmbh.de\/wp-content\/uploads\/2018\/06\/about-us.jpg 376w\" sizes=\"auto, (max-width: 300px) 100vw, 300px\" \/>\n<p>&nbsp;<\/p>\n<p>&nbsp;<\/p>\n<p>&nbsp;<\/p>\n<p><\/p><\/div><\/div><div class=\"lgc-clear\"><\/div>\n<p>&nbsp;<\/p>\n<p>&nbsp;<\/p>\n<\/div><\/div>","protected":false},"excerpt":{"rendered":"<p>&nbsp; &nbsp;<\/p>\n<p> <a class=\"continue-reading-link\" href=\"https:\/\/laepple-gmbh.de\/index.php\/ueber-uns\/\"><span>Continue reading<\/span><i class=\"crycon-right-dir\"><\/i><\/a> <\/p>\n","protected":false},"author":1,"featured_media":0,"parent":0,"menu_order":0,"comment_status":"closed","ping_status":"closed","template":"","meta":{"footnotes":""},"class_list":["post-14","page","type-page","status-publish","hentry"],"_links":{"self":[{"href":"https:\/\/laepple-gmbh.de\/index.php\/wp-json\/wp\/v2\/pages\/14","targetHints":{"allow":["GET"]}}],"collection":[{"href":"https:\/\/laepple-gmbh.de\/index.php\/wp-json\/wp\/v2\/pages"}],"about":[{"href":"https:\/\/laepple-gmbh.de\/index.php\/wp-json\/wp\/v2\/types\/page"}],"author":[{"embeddable":true,"href":"https:\/\/laepple-gmbh.de\/index.php\/wp-json\/wp\/v2\/users\/1"}],"replies":[{"embeddable":true,"href":"https:\/\/laepple-gmbh.de\/index.php\/wp-json\/wp\/v2\/comments?post=14"}],"version-history":[{"count":11,"href":"https:\/\/laepple-gmbh.de\/index.php\/wp-json\/wp\/v2\/pages\/14\/revisions"}],"predecessor-version":[{"id":59,"href":"https:\/\/laepple-gmbh.de\/index.php\/wp-json\/wp\/v2\/pages\/14\/revisions\/59"}],"wp:attachment":[{"href":"https:\/\/laepple-gmbh.de\/index.php\/wp-json\/wp\/v2\/media?parent=14"}],"curies":[{"name":"wp","href":"https:\/\/api.w.org\/{rel}","templated":true}]}}