{"id":3,"date":"2018-06-05T04:11:15","date_gmt":"2018-06-05T02:11:15","guid":{"rendered":"https:\/\/laepple.bnb-infosec.com\/?page_id=3"},"modified":"2018-06-05T04:27:18","modified_gmt":"2018-06-05T02:27:18","slug":"datenschutzerklaerung","status":"publish","type":"page","link":"https:\/\/laepple-gmbh.de\/index.php\/datenschutzerklaerung\/","title":{"rendered":"Datenschutzerkl\u00e4rung"},"content":{"rendered":"<div id=\"dslc-theme-content\"><div id=\"dslc-theme-content-inner\"><p><strong>Datenschutzerkl\u00e4rung<\/strong><\/p>\n<p>Die nachfolgende Datenschutzerkl\u00e4rung gilt f\u00fcr die Nutzung der Webseite laepple-gmbh.de (\u2019nachfolgend\u201eWebsite\u201c genannt). Beim Besuch dieser Internetseite erheben, verarbeiten und nutzen wir Daten nur in dem Umfang, soweit dies f\u00fcr die Benutzung unserer Website oder der Abwicklung von Anfragen von Ihnen erforderlich ist. Hierzu unten mehr.<\/p>\n<p>Wir messen dem Datenschutz \u00e4u\u00dfert gro\u00dfe Bedeutung bei. Die Erhebung und Verarbeitung Ihrer personenbezogenen Daten geschieht unter strikter Beachtung der geltenden\u00a0 datenschutzrechtlichen Vorschriften, insbesondere der EU-Datenschutzgrundverordnung (DSGVO). Diese Erkl\u00e4rung beschreibt, wie und zu welchem Zweck ggf. Ihre Daten erfasst und genutzt werden und welche Wahlm\u00f6glichkeiten Sie im Zusammenhang mit pers\u00f6nlichen Daten haben.<\/p>\n<p>Durch Ihre Verwendung dieser Website stimmen Sie der Erfassung, Nutzung und \u00dcbertragung Ihrer Daten gem\u00e4\u00df dieser Datenschutzerkl\u00e4rung zu.<\/p>\n<p>Soweit Internetseiten und\/oder \u2013 Dienste anderer Anbieter \u00fcber unsere Website zug\u00e4nglich oder verlinkt sind, sind wir f\u00fcr deren Inhalte und insbesondere deren datenschutzrechtliche Handhabung nicht verantwortlich.<\/p>\n<p><strong>1 Verantwortliche Stelle<br \/>\n<\/strong><br \/>\nVerantwortliche Stelle f\u00fcr die Erhebung, Verarbeitung und Nutzung Ihrer personenbezogenen Daten im Sinne der DSGVO ist:<\/p>\n<p>Die L\u00e4pple GmbH, Semperstrasse 1,22303 Hamburg, info [at] laepple-gmbh.de<\/p>\n<p>Sofern Sie der Erhebung, Verarbeitung oder Nutzung Ihrer Daten durch uns nach Ma\u00dfgabe dieser Datenschutzbestimmungen insgesamt oder f\u00fcr einzelne Ma\u00dfnahmen widersprechen wollen, k\u00f6nnen Sie Ihren Widerspruch an oben genannte verantwortliche Stelle richten. Sie k\u00f6nnen diese Datenschutzerkl\u00e4rung jederzeit speichern und ausdrucken.<\/p>\n<p><strong><br \/>\n2 Allgemeine Nutzung der Webseite<\/strong><\/p>\n<p><strong>2.1 Zugriffsdaten<\/strong><\/p>\n<p>Grunds\u00e4tzlich erheben wir beim Besuch unserer Internetseite keine personenbezogenen Daten, wie beispielsweise Anrede, Name, Anschrift, E-Mail-Adresse oder Verbindungsdaten. Unser Server erfasst bestimmte Daten automatisch, die ihr Webbrowser beim Besuch einer Internetseite verschickt. Diese Daten k\u00f6nnen insbesondere den von Ihnen verwandten Browsertyp, die Browsersprache sowie Datum und Uhrzeit Ihrer Browseranfrage und die genutzte IP-Adresse enthalten. Auswertungen dieser Daten erfolgt ausschlie\u00dflich in anonymisierter Form zu statistischen Zwecken ohne M\u00f6glichkeit der Zusammenf\u00fchrung mit anderen Daten von Ihnen. Nach Beendigung der Auswertung werden diese Daten umgehend wieder gel\u00f6scht.<\/p>\n<p><strong>2.2 E-Mail Kontakt<br \/>\n<\/strong><br \/>\nWenn Sie mit uns in Kontakt treten z. B. per E-Mail (ein entsprechendes Kontaktformular halten wir \u00fcber unsere Internetseite nicht vor), speichern wir Ihre Angaben zur Bearbeitung der Anfrage sowie f\u00fcr den Fall, dass Anschlussfragen entstehen. Weitere personenbezogene Daten speichern und nutzen wir nur, wenn Sie dazu einwilligen oder dies ohne besondere Einwilligung gesetzlich zul\u00e4ssig ist. Wir weisen darauf hin, dass die Daten\u00fcbertragung im Internet (z. B. bei der Kommunikation per E-Mail) Sicherheitsl\u00fccken aufweisen kann. Ein l\u00fcckenloser Schutz der Daten vor dem Zugriff durch Dritte ist nicht m\u00f6glich.<\/p>\n<p><strong>2.3 Google Analytics, Cookies, Profiling<br \/>\n<\/strong><br \/>\nWir benutzen weder Google Analytics oder sog. \u201eCookies\u201c (kleine Dateien mit Konfigurationsinformationen), bzw. sonstige Erfassungs- oder Auswertungssysteme. Wir versuchen dem Datenschutz damit in besonderem Ma\u00dfe Rechnung zu tragen. Wir f\u00fchren kein Profiling (Erstellung und Verwendung von Nutzerdaten) gem. Artikel 22 Abs\u00e4tze 1 und 4 DSGVO durch.<\/p>\n<p><strong>2.4 Rechtsgrundlagen und Speicherdauer<br \/>\n<\/strong><br \/>\nRechtsgrundlage der Datenverarbeitung nach den vorstehenden Ziffern ist Art 6 Abs. 1 DSGVO. Unsere Interessen an der Datenverarbeitung sind insbesondere die Sicherstellung des Betriebs und der Sicherheit der Webseite, die Untersuchung der Art und Weise der Nutzung der Webseite durch Besucher, und die Vereinfachung der Nutzung der Webseite.<br \/>\nSofern nicht spezifisch angegeben, speichern wir personenbezogene Daten nur so lange, wie dies zur Erf\u00fcllung der verfolgten Zwecke notwendig ist.<\/p>\n<p><strong>3 Ihre Rechte als von der Datenverarbeitung Betroffener<br \/>\n<\/strong><br \/>\nNach den anwendbaren Gesetzen haben Sie verschiedene Rechte bez\u00fcglich ihrer personenbezogenen Daten. M\u00f6chten Sie diese Rechte geltend machen, so richten Sie Ihre Anfrage bitte per E-Mail oder per Post unter eindeutiger Identifizierung Ihrer Person an die in Ziffer 1 genannte Adresse. Nachfolgend finden Sie eine \u00dcbersicht \u00fcber Ihre Rechte.<\/p>\n<p><strong>3.1 Recht auf Best\u00e4tigung und Auskunft<\/strong><\/p>\n<p>Sie haben jederzeit das Recht, von uns eine Best\u00e4tigung dar\u00fcber zu erhalten, ob die betreffenden personenbezogene Daten verarbeitet werden. Ist dies der Fall, so haben Sie das Recht, von uns eine unentgeltliche Auskunft \u00fcber die zu Ihnen gespeicherten personenbezogenen Daten nebst einer Kopie dieser Daten zu erlangen. Des Weiteren besteht ein Recht auf folgende Informationen:<\/p>\n<p>1.\u00a0 die Verarbeitungszwecke;<br \/>\n2.\u00a0 die Kategorien personenbezogener Daten, die verarbeitet werden;<br \/>\n3. die Empf\u00e4nger oder Kategorien von Empf\u00e4ngern, gegen\u00fcber denen die Personen bezogenen Daten offengelegt worden sind oder noch offengelegt werden,<\/p>\n<p>4. falls m\u00f6glich die geplante Dauer, f\u00fcr die die personenbezogenen Daten gespeichert werden, oder, falls dies nicht m\u00f6glich ist, die Kriterien f\u00fcr die Festlegung dieser Dauer;<\/p>\n<p>5. das Bestehen eines Rechts auf Berichtigung oder L\u00f6schung der Sie betreffenden<br \/>\npersonenbezogenen Daten oder auf Einschr\u00e4nkung der Verarbeitung durch den Verantwortlichen der eines Widerspruchsrechts gegen diese Verarbeitung;<\/p>\n<p>6. das Bestehen eines Beschwerderechts bei einer Aufsichtsbeh\u00f6rde;<\/p>\n<p>7. wenn die personenbezogenen Daten nicht bei Ihnen erhoben werden, alle verf\u00fcgbaren Informationen \u00fcber die Herkunft der Daten; Personenbezogene Daten werden durch uns nicht an Dritte, ohne Ihre Zustimmung \u00fcbermittelt. Sie haben das Recht, von uns unverz\u00fcglich die Berichtigung Sie betreffender unrichtiger personenbezogener Daten zu verlangen. Unter Ber\u00fccksichtigung der Zwecke haben Sie das Recht, die Vervollst\u00e4ndigung<br \/>\nunvollst\u00e4ndiger personenbezogener Daten \u2013 auch mittels einer erg\u00e4nzenden Erkl\u00e4rung \u2013 zu verlangen.<\/p>\n<p><strong>3.2 Recht auf L\u00f6schung (\u201eRecht auf Vergessenwerden\u201c)<br \/>\n<\/strong><br \/>\nSie haben das Recht, von uns zu verlangen, dass Sie betreffende personenbezogene Daten unverz\u00fcglich gel\u00f6scht werden, und wir sind verpflichtet, personenbezogene Daten unverz\u00fcglich zu l\u00f6schen, sofern einer der folgenden Gr\u00fcnde zutrifft:<\/p>\n<p>1) Die personenbezogenen Daten sind f\u00fcr die Zwecke, f\u00fcr die sie erhoben oder auf sonstige Weise verarbeitet wurden, nicht mehr notwendig.<\/p>\n<p>2) Sie widerrufen Ihre Einwilligung, auf die sich die Verarbeitung gem\u00e4\u00df Artikel 6 Absatz 1 DSGVO Buchstabe a oder Artikel 9 Absatz 2 Buchstabe a DSGVO st\u00fctzte, und es fehlt an einer anderweitigen Rechtsgrundlage f\u00fcr die Verarbeitung.<\/p>\n<p>3) Sie legen gem\u00e4\u00df Artikel 21 Absatz 1 DSGVO Widerspruch gegen die Verarbeitung ein und es liegen keine vorrangigen berechtigten Gr\u00fcnde f\u00fcr die Verarbeitung vor, oder Sie legen gem\u00e4\u00df Artikel 21 Absatz 2 DSGVO Widerspruch gegen die Verarbeitung ein.<\/p>\n<p>4) Die personenbezogenen Daten wurden unrechtm\u00e4\u00dfig verarbeitet.<\/p>\n<p>5) Die L\u00f6schung der personenbezogenen Daten ist zur Erf\u00fcllung einer rechtlichen Verpflichtung nach dem Unionsrecht oder dem Recht der Mitgliedstaaten erforderlich, dem wir unterliegen. Haben wir die personenbezogenen Daten \u00f6ffentlich gemacht und sind wir gem\u00e4\u00df Art. 17 DSGVO zu deren L\u00f6schung verpflichtet, so treffen wir unter Ber\u00fccksichtigung der verf\u00fcgbaren Technologie und der Implementierungskosten angemessene Ma\u00dfnahmen, auch technischer Art, um f\u00fcr die Datenverarbeitung Verantwortliche, die die personenbezogenen Daten verarbeiten, dar\u00fcber zu informieren, dass Sie von Ihnen die<br \/>\nL\u00f6schung aller Links zu diesen personenbezogenen Daten oder von Kopien oder Replikationen dieser personenbezogenen Daten verlangt haben. Au\u00dferdem erheben wir keine Daten im Sinne von Art. 8 Abs. 1 DSGVO<\/p>\n<p><strong>3.3 Recht auf Einschr\u00e4nkung der Verarbeitung<br \/>\n<\/strong><br \/>\nSie haben das Recht, von uns die Einschr\u00e4nkung der Verarbeitung zu verlangen, wenn eine der folgenden<br \/>\nVoraussetzungen gegeben ist:<\/p>\n<p>1) die Richtigkeit der personenbezogenen Daten wird von Ihnen bestritten, und zwar f\u00fcr eine Dauer, die es<br \/>\nuns erm\u00f6glicht, die Richtigkeit der personenbezogenen Daten zu \u00fcberpr\u00fcfen,<\/p>\n<p>2) die Verarbeitung unrechtm\u00e4\u00dfig ist und Sie die L\u00f6schung der personenbezogenen Daten ablehnten und<br \/>\nstattdessen die Einschr\u00e4nkung der Nutzung der personenbezogenen Daten verlangt;<\/p>\n<p>3) wir die personenbezogenen Daten f\u00fcr die Zwecke der Verarbeitung nicht l\u00e4nger ben\u00f6tigen, Sie die<br \/>\nDaten jedoch zur Geltendmachung, Aus\u00fcbung oder Verteidigung von Rechtsanspr\u00fcchen ben\u00f6tigten, oder<\/p>\n<p>4) Sie Widerspruch gegen die Verarbeitung gem\u00e4\u00df Artikel 21 Absatz 1 DSGVO eingelegt haben, solange noch nicht feststeht, ob die berechtigten Gr\u00fcnde unseres Unternehmens gegen\u00fcber den Ihren \u00fcberwiegen.<\/p>\n<p><strong>3.4 Recht auf Daten\u00fcbertragbarkeit<br \/>\n<\/strong><br \/>\nSie haben das Recht, die Sie betreffenden personenbezogenen Daten, die Sie uns bereitgestellt haben, in einem strukturierten, g\u00e4ngigen und maschinenlesbaren Format zu erhalten, und Sie haben das Recht, diese Daten einem anderen Verantwortlichen, ohne Behinderung durch uns, zu \u00fcbermitteln, sofern<\/p>\n<p>1) die Verarbeitung auf einer Einwilligung gem\u00e4\u00df Artikel 6 Absatz 1 Buchstabe a DSGVO oder Artikel 9 Absatz 2 Buchstabe a DSGVO oder auf einem Vertrag gem\u00e4\u00df Artikel 6 Absatz 1 Buchstabe b DSGVO beruht und<\/p>\n<p>2) die Verarbeitung mit der Hilfe automatisierter Verfahren erfolgt.<br \/>\nBei der Aus\u00fcbung ihres Rechts auf Daten\u00fcbertragbarkeit gem\u00e4\u00df Absatz 1 haben Sie das Recht, zu erwirken, dass die personenbezogenen Daten direkt von uns einem anderen Verantwortlichen \u00fcbermittelt werden, soweit dies technisch machbar ist.<\/p>\n<p><strong>3.5 Widerspruchsrecht<\/strong><\/p>\n<p>Sie haben das Recht, aus Gr\u00fcnden, die sich aus Ihrer besonderen Situation ergeben, jederzeit gegen die Verarbeitung der Sie betreffender personenbezogener Daten, die aufgrund von Artikel 6 Absatz 1 Buchstaben e oder f DSGVO erfolgt, Widerspruch einzulegen. Wir verarbeiten die personenbezogenen Daten nicht mehr,es sei denn, wir k\u00f6nnen zwingende schutzw\u00fcrdige Gr\u00fcnde f\u00fcr die Verarbeitung nachweisen, die Ihre<br \/>\nInteressen, Rechte und Freiheiten \u00fcberwiegen, oder die Verarbeitung dient der Geltendmachung, Aus\u00fcbung oder Verteidigung von Rechtsanspr\u00fcchen.<\/p>\n<p><strong>3.6 Recht auf Widerruf einer datenschutzrechtlichen Einwilligung<br \/>\n<\/strong><br \/>\nSie haben das Recht, eine Einwilligung zur Verarbeitung personenbezogener Daten jederzeit zu widerrufen.<\/p>\n<p><strong>3.7 Recht auf Beschwerde bei einer Aufsichtsbeh\u00f6rde<\/strong><\/p>\n<p>Sie haben das Recht auf Beschwerde bei der zust\u00e4ndigen Aufsichtsbeh\u00f6rde, wenn Sie der Ansicht sind, dass die Verarbeitung der Sie betreffenden personenbezogenen Daten rechtswidrig ist. Zust\u00e4ndig ist die Datenschutzbeh\u00f6rde des Landes Schleswig-Holstein.<\/p>\n<p><strong>4 Datensicherheit, Datenschutzbeauftragter<br \/>\n<\/strong><br \/>\nWir sind um die Sicherheit Ihrer Daten im Rahmen der geltenden Datenschutzgesetze und technischen M\u00f6glichkeiten maximal bem\u00fcht. Zur Sicherung Ihrer Daten unterhalten wir technische- und organisatorische Sicherungsma\u00dfnahmen, die wir immer wieder dem Stand der Technik anpassen. Sofern Sie weitere Fragen zum Datenschutz haben (zu dieser Internetpr\u00e4senz oder zu sonstigen Fragen unseres Datenschutzes bez\u00fcglich unserer Bewohner, Lieferanten oder bei Bewohneranfragen), schreiben Sie<br \/>\nuns.<\/p>\n<p><strong>5 Weitergabe von Daten an Dritte, keine Daten\u00fcbertragung ins Nicht-EU-Ausland<br \/>\n<\/strong><br \/>\nGrunds\u00e4tzlich verwenden wir Ihre personenbezogenen Daten nur innerhalb unseres Unternehmens. Wenn und soweit wir Dritte im Rahmen der Erf\u00fcllung von Vertr\u00e4gen einschalten (etwa Logistik-Dienstleister) erhalten diese personenbezogene Daten nur in dem Umfang, in welchem die \u00dcbermittlung f\u00fcr die entsprechende Leistung erforderlich ist. F\u00fcr den Fall, dass wir bestimmte Teile der Datenverarbeitung auslagern (\u201eAuftragsverarbeitung\u201c), verpflichten wir Auftragsverarbeiter vertraglich dazu, personenbezogene Daten nur im Einklang mit den Anforderungen der Datenschutzgesetze zu verwenden und den Schutz der Rechte der betroffenen Person zu gew\u00e4hrleisten. Eine Daten\u00fcbertragung an Stellen oder Personen au\u00dferhalb der EU au\u00dferhalb der in dieser Erkl\u00e4rung in Punkt\u00a0 2.3 genannten F\u00e4llen findet nicht statt und ist nicht geplant.<\/p>\n<p><strong>6 Datenschutzbeauftragter<br \/>\n<\/strong><br \/>\nSollten Sie noch Fragen oder Bedenken zum Datenschutz haben, so wenden Sie sich bitte an unseren Datenschutzbeauftragten:<br \/>\nSie erreichen unseren Datenschutzbeauftragten wie folgt:<\/p>\n<p>BnB-InfoSec, Norderfelder Strasse 1, 24969 Lindewitt, E-Mail: info [at] bnb-infose.com<\/p>\n<\/div><\/div>","protected":false},"excerpt":{"rendered":"<p>Datenschutzerkl\u00e4rung Die nachfolgende Datenschutzerkl\u00e4rung gilt f\u00fcr die Nutzung der Webseite laepple-gmbh.de (\u2019nachfolgend\u201eWebsite\u201c genannt). Beim Besuch dieser Internetseite erheben, verarbeiten und nutzen wir Daten nur in dem Umfang, soweit dies f\u00fcr die Benutzung unserer Website oder der Abwicklung von Anfragen von Ihnen erforderlich ist. Hierzu unten mehr. Wir messen dem Datenschutz\u2026<\/p>\n<p> <a class=\"continue-reading-link\" href=\"https:\/\/laepple-gmbh.de\/index.php\/datenschutzerklaerung\/\"><span>Continue reading<\/span><i class=\"crycon-right-dir\"><\/i><\/a> <\/p>\n","protected":false},"author":1,"featured_media":0,"parent":0,"menu_order":0,"comment_status":"closed","ping_status":"open","template":"templates\/template-onecolumn.php","meta":{"footnotes":""},"class_list":["post-3","page","type-page","status-publish","hentry"],"_links":{"self":[{"href":"https:\/\/laepple-gmbh.de\/index.php\/wp-json\/wp\/v2\/pages\/3","targetHints":{"allow":["GET"]}}],"collection":[{"href":"https:\/\/laepple-gmbh.de\/index.php\/wp-json\/wp\/v2\/pages"}],"about":[{"href":"https:\/\/laepple-gmbh.de\/index.php\/wp-json\/wp\/v2\/types\/page"}],"author":[{"embeddable":true,"href":"https:\/\/laepple-gmbh.de\/index.php\/wp-json\/wp\/v2\/users\/1"}],"replies":[{"embeddable":true,"href":"https:\/\/laepple-gmbh.de\/index.php\/wp-json\/wp\/v2\/comments?post=3"}],"version-history":[{"count":2,"href":"https:\/\/laepple-gmbh.de\/index.php\/wp-json\/wp\/v2\/pages\/3\/revisions"}],"predecessor-version":[{"id":8,"href":"https:\/\/laepple-gmbh.de\/index.php\/wp-json\/wp\/v2\/pages\/3\/revisions\/8"}],"wp:attachment":[{"href":"https:\/\/laepple-gmbh.de\/index.php\/wp-json\/wp\/v2\/media?parent=3"}],"curies":[{"name":"wp","href":"https:\/\/api.w.org\/{rel}","templated":true}]}}